{"id":18619,"date":"2022-10-04T06:24:02","date_gmt":"2022-10-04T06:24:02","guid":{"rendered":"https:\/\/inch-sibenik.hr\/?post_type=product&#038;p=18619"},"modified":"2022-10-04T09:00:32","modified_gmt":"2022-10-04T09:00:32","slug":"bridgestone-215-45-r17-91w-xl-a005-evo-weather-contr","status":"publish","type":"product","link":"https:\/\/inch-sibenik.hr\/en\/product\/bridgestone-215-45-r17-91w-xl-a005-evo-weather-contr\/","title":{"rendered":"BRIDGESTONE 215\/45 R17 91W XL A005 EVO Weather Contr"},"content":{"rendered":"","protected":false},"excerpt":{"rendered":"<p> <img decoding=\"async\" src=\"https:\/\/inch-sibenik.hr\/wp-content\/plugins\/eu-tyre-label-shortcode\/php\/get-eu-tyre-label.php?fuel=C&#038;grip=A&#038;noise=0&#038;db=71&#038;size=215\" alt=\"EU tyre label\" \/><\/p>","protected":false},"featured_media":16459,"comment_status":"closed","ping_status":"closed","template":"","meta":[],"product_brand":[],"product_cat":[2707,2706],"product_tag":[],"sirina_guma":[303,292,302],"class_list":{"0":"post-18619","1":"product","2":"type-product","3":"status-publish","4":"has-post-thumbnail","6":"product_cat-osobna-vozila-zimske","7":"product_cat-zimske-i-cjelogodisnje-gume","8":"pa_index-brzine-91w","9":"pa_marka-bridgestone","10":"pa_promjer-guma-272","11":"pa_sirina-guma-296","12":"pa_tip-gume-zimska-ili-cjelogodisnja-guma","13":"pa_visina-guma-270","14":"sirina_guma-17-45-215","15":"sirina_guma-292","16":"sirina_guma-45-215","17":"brand_year_model-bridgestone","19":"first","20":"instock","21":"shipping-taxable","22":"product-type-simple"},"yoast_head":"<!-- This site is optimized with the Yoast SEO plugin v21.7 - https:\/\/yoast.com\/wordpress\/plugins\/seo\/ -->\n<title>BRIDGESTONE 215\/45 R17 91W XL A005 EVO Weather Contr - Inch \u0160ibenik<\/title>\n<meta name=\"robots\" content=\"index, follow, max-snippet:-1, max-image-preview:large, max-video-preview:-1\" \/>\n<link rel=\"canonical\" href=\"https:\/\/inch-sibenik.hr\/en\/product\/bridgestone-215-45-r17-91w-xl-a005-evo-weather-contr\/\" \/>\n<meta property=\"og:locale\" content=\"en_GB\" \/>\n<meta property=\"og:type\" content=\"article\" \/>\n<meta property=\"og:title\" content=\"BRIDGESTONE 215\/45 R17 91W XL A005 EVO Weather Contr - Inch \u0160ibenik\" \/>\n<meta property=\"og:url\" content=\"https:\/\/inch-sibenik.hr\/en\/product\/bridgestone-215-45-r17-91w-xl-a005-evo-weather-contr\/\" \/>\n<meta property=\"og:site_name\" content=\"Inch \u0160ibenik\" \/>\n<meta property=\"article:publisher\" content=\"https:\/\/www.facebook.com\/SibenikInch\" \/>\n<meta property=\"article:modified_time\" content=\"2022-10-04T09:00:32+00:00\" \/>\n<meta property=\"og:image\" content=\"https:\/\/inch-sibenik.hr\/wp-content\/uploads\/2022\/10\/INCH_558754.jpg\" \/>\n\t<meta property=\"og:image:width\" content=\"304\" \/>\n\t<meta property=\"og:image:height\" content=\"304\" \/>\n\t<meta property=\"og:image:type\" content=\"image\/jpeg\" \/>\n<meta name=\"twitter:card\" content=\"summary_large_image\" \/>\n<meta name=\"twitter:description\" content=\"[eutl fuel=&quot;C&quot; grip=&quot;A&quot; noise=&quot;B&quot; db=&quot;71&quot; size=&quot;215&quot;]\" \/>\n<script type=\"application\/ld+json\" class=\"yoast-schema-graph\">{\"@context\":\"https:\/\/schema.org\",\"@graph\":[{\"@type\":\"WebPage\",\"@id\":\"https:\/\/inch-sibenik.hr\/proizvod\/bridgestone-215-45-r17-91w-xl-a005-evo-weather-contr\/\",\"url\":\"https:\/\/inch-sibenik.hr\/proizvod\/bridgestone-215-45-r17-91w-xl-a005-evo-weather-contr\/\",\"name\":\"BRIDGESTONE 215\/45 R17 91W XL A005 EVO Weather Contr - Inch \u0160ibenik\",\"isPartOf\":{\"@id\":\"https:\/\/inch-sibenik.hr\/#website\"},\"datePublished\":\"2022-10-04T06:24:02+00:00\",\"dateModified\":\"2022-10-04T09:00:32+00:00\",\"breadcrumb\":{\"@id\":\"https:\/\/inch-sibenik.hr\/proizvod\/bridgestone-215-45-r17-91w-xl-a005-evo-weather-contr\/#breadcrumb\"},\"inLanguage\":\"en-GB\",\"potentialAction\":[{\"@type\":\"ReadAction\",\"target\":[\"https:\/\/inch-sibenik.hr\/proizvod\/bridgestone-215-45-r17-91w-xl-a005-evo-weather-contr\/\"]}]},{\"@type\":\"BreadcrumbList\",\"@id\":\"https:\/\/inch-sibenik.hr\/proizvod\/bridgestone-215-45-r17-91w-xl-a005-evo-weather-contr\/#breadcrumb\",\"itemListElement\":[{\"@type\":\"ListItem\",\"position\":1,\"name\":\"Po\u010detna\",\"item\":\"https:\/\/inch-sibenik.hr\/\"},{\"@type\":\"ListItem\",\"position\":2,\"name\":\"Auto gume\",\"item\":\"https:\/\/inch-sibenik.hr\/?page_id=1705\"},{\"@type\":\"ListItem\",\"position\":3,\"name\":\"BRIDGESTONE 215\/45 R17 91W XL A005 EVO Weather Contr\"}]},{\"@type\":\"WebSite\",\"@id\":\"https:\/\/inch-sibenik.hr\/#website\",\"url\":\"https:\/\/inch-sibenik.hr\/\",\"name\":\"Inch \u0160ibenik\",\"description\":\"Inch \u0160ibenik prodaja i monta\u017ea auto guma\",\"publisher\":{\"@id\":\"https:\/\/inch-sibenik.hr\/#organization\"},\"potentialAction\":[{\"@type\":\"SearchAction\",\"target\":{\"@type\":\"EntryPoint\",\"urlTemplate\":\"https:\/\/inch-sibenik.hr\/?s={search_term_string}\"},\"query-input\":\"required name=search_term_string\"}],\"inLanguage\":\"en-GB\"},{\"@type\":\"Organization\",\"@id\":\"https:\/\/inch-sibenik.hr\/#organization\",\"name\":\"INCH \u0160ibenik d.o.o.\",\"url\":\"https:\/\/inch-sibenik.hr\/\",\"logo\":{\"@type\":\"ImageObject\",\"inLanguage\":\"en-GB\",\"@id\":\"https:\/\/inch-sibenik.hr\/#\/schema\/logo\/image\/\",\"url\":\"https:\/\/inch-sibenik.hr\/wp-content\/uploads\/2021\/06\/logo_inch.png\",\"contentUrl\":\"https:\/\/inch-sibenik.hr\/wp-content\/uploads\/2021\/06\/logo_inch.png\",\"width\":328,\"height\":154,\"caption\":\"INCH \u0160ibenik d.o.o.\"},\"image\":{\"@id\":\"https:\/\/inch-sibenik.hr\/#\/schema\/logo\/image\/\"},\"sameAs\":[\"https:\/\/www.facebook.com\/SibenikInch\"]}]}<\/script>\n<!-- \/ Yoast SEO plugin. -->","yoast_head_json":{"title":"BRIDGESTONE 215\/45 R17 91W XL A005 EVO Weather Contr - Inch \u0160ibenik","robots":{"index":"index","follow":"follow","max-snippet":"max-snippet:-1","max-image-preview":"max-image-preview:large","max-video-preview":"max-video-preview:-1"},"canonical":"https:\/\/inch-sibenik.hr\/en\/product\/bridgestone-215-45-r17-91w-xl-a005-evo-weather-contr\/","og_locale":"en_GB","og_type":"article","og_title":"BRIDGESTONE 215\/45 R17 91W XL A005 EVO Weather Contr - Inch \u0160ibenik","og_url":"https:\/\/inch-sibenik.hr\/en\/product\/bridgestone-215-45-r17-91w-xl-a005-evo-weather-contr\/","og_site_name":"Inch \u0160ibenik","article_publisher":"https:\/\/www.facebook.com\/SibenikInch","article_modified_time":"2022-10-04T09:00:32+00:00","og_image":[{"width":304,"height":304,"url":"https:\/\/inch-sibenik.hr\/wp-content\/uploads\/2022\/10\/INCH_558754.jpg","type":"image\/jpeg"}],"twitter_card":"summary_large_image","twitter_description":"[eutl fuel=\"C\" grip=\"A\" noise=\"B\" db=\"71\" size=\"215\"]","schema":{"@context":"https:\/\/schema.org","@graph":[{"@type":"WebPage","@id":"https:\/\/inch-sibenik.hr\/proizvod\/bridgestone-215-45-r17-91w-xl-a005-evo-weather-contr\/","url":"https:\/\/inch-sibenik.hr\/proizvod\/bridgestone-215-45-r17-91w-xl-a005-evo-weather-contr\/","name":"BRIDGESTONE 215\/45 R17 91W XL A005 EVO Weather Contr - Inch \u0160ibenik","isPartOf":{"@id":"https:\/\/inch-sibenik.hr\/#website"},"datePublished":"2022-10-04T06:24:02+00:00","dateModified":"2022-10-04T09:00:32+00:00","breadcrumb":{"@id":"https:\/\/inch-sibenik.hr\/proizvod\/bridgestone-215-45-r17-91w-xl-a005-evo-weather-contr\/#breadcrumb"},"inLanguage":"en-GB","potentialAction":[{"@type":"ReadAction","target":["https:\/\/inch-sibenik.hr\/proizvod\/bridgestone-215-45-r17-91w-xl-a005-evo-weather-contr\/"]}]},{"@type":"BreadcrumbList","@id":"https:\/\/inch-sibenik.hr\/proizvod\/bridgestone-215-45-r17-91w-xl-a005-evo-weather-contr\/#breadcrumb","itemListElement":[{"@type":"ListItem","position":1,"name":"Po\u010detna","item":"https:\/\/inch-sibenik.hr\/"},{"@type":"ListItem","position":2,"name":"Auto gume","item":"https:\/\/inch-sibenik.hr\/?page_id=1705"},{"@type":"ListItem","position":3,"name":"BRIDGESTONE 215\/45 R17 91W XL A005 EVO Weather Contr"}]},{"@type":"WebSite","@id":"https:\/\/inch-sibenik.hr\/#website","url":"https:\/\/inch-sibenik.hr\/","name":"Inch \u0160ibenik","description":"Inch \u0160ibenik prodaja i monta\u017ea auto guma","publisher":{"@id":"https:\/\/inch-sibenik.hr\/#organization"},"potentialAction":[{"@type":"SearchAction","target":{"@type":"EntryPoint","urlTemplate":"https:\/\/inch-sibenik.hr\/?s={search_term_string}"},"query-input":"required name=search_term_string"}],"inLanguage":"en-GB"},{"@type":"Organization","@id":"https:\/\/inch-sibenik.hr\/#organization","name":"INCH \u0160ibenik d.o.o.","url":"https:\/\/inch-sibenik.hr\/","logo":{"@type":"ImageObject","inLanguage":"en-GB","@id":"https:\/\/inch-sibenik.hr\/#\/schema\/logo\/image\/","url":"https:\/\/inch-sibenik.hr\/wp-content\/uploads\/2021\/06\/logo_inch.png","contentUrl":"https:\/\/inch-sibenik.hr\/wp-content\/uploads\/2021\/06\/logo_inch.png","width":328,"height":154,"caption":"INCH \u0160ibenik d.o.o."},"image":{"@id":"https:\/\/inch-sibenik.hr\/#\/schema\/logo\/image\/"},"sameAs":["https:\/\/www.facebook.com\/SibenikInch"]}]}},"_links":{"self":[{"href":"https:\/\/inch-sibenik.hr\/en\/wp-json\/wp\/v2\/product\/18619","targetHints":{"allow":["GET"]}}],"collection":[{"href":"https:\/\/inch-sibenik.hr\/en\/wp-json\/wp\/v2\/product"}],"about":[{"href":"https:\/\/inch-sibenik.hr\/en\/wp-json\/wp\/v2\/types\/product"}],"replies":[{"embeddable":true,"href":"https:\/\/inch-sibenik.hr\/en\/wp-json\/wp\/v2\/comments?post=18619"}],"wp:featuredmedia":[{"embeddable":true,"href":"https:\/\/inch-sibenik.hr\/en\/wp-json\/wp\/v2\/media\/16459"}],"wp:attachment":[{"href":"https:\/\/inch-sibenik.hr\/en\/wp-json\/wp\/v2\/media?parent=18619"}],"wp:term":[{"taxonomy":"product_brand","embeddable":true,"href":"https:\/\/inch-sibenik.hr\/en\/wp-json\/wp\/v2\/product_brand?post=18619"},{"taxonomy":"product_cat","embeddable":true,"href":"https:\/\/inch-sibenik.hr\/en\/wp-json\/wp\/v2\/product_cat?post=18619"},{"taxonomy":"product_tag","embeddable":true,"href":"https:\/\/inch-sibenik.hr\/en\/wp-json\/wp\/v2\/product_tag?post=18619"},{"taxonomy":"sirina_guma","embeddable":true,"href":"https:\/\/inch-sibenik.hr\/en\/wp-json\/wp\/v2\/sirina_guma?post=18619"}],"curies":[{"name":"wp","href":"https:\/\/api.w.org\/{rel}","templated":true}]}}