{"id":18888,"date":"2022-10-04T06:26:42","date_gmt":"2022-10-04T06:26:42","guid":{"rendered":"https:\/\/inch-sibenik.hr\/?post_type=product&#038;p=18888"},"modified":"2022-10-04T09:00:58","modified_gmt":"2022-10-04T09:00:58","slug":"kumho-235-65-r17-108v-xl-ha32-all-season-suv","status":"publish","type":"product","link":"https:\/\/inch-sibenik.hr\/en\/product\/kumho-235-65-r17-108v-xl-ha32-all-season-suv\/","title":{"rendered":"KUMHO 235\/65 R17 108V XL HA32 All Season SUV"},"content":{"rendered":"","protected":false},"excerpt":{"rendered":"<p> <img decoding=\"async\" src=\"https:\/\/inch-sibenik.hr\/wp-content\/plugins\/eu-tyre-label-shortcode\/php\/get-eu-tyre-label.php?fuel=B&#038;grip=B&#038;noise=0&#038;db=72&#038;size=235\" alt=\"EU tyre label\" \/><\/p>","protected":false},"featured_media":0,"comment_status":"closed","ping_status":"closed","template":"","meta":[],"product_brand":[],"product_cat":[2707,2706],"product_tag":[],"sirina_guma":[2757,354,2756],"class_list":{"0":"post-18888","1":"product","2":"type-product","3":"status-publish","5":"product_cat-osobna-vozila-zimske","6":"product_cat-zimske-i-cjelogodisnje-gume","7":"pa_index-brzine-108v","8":"pa_marka-kumho","9":"pa_promjer-guma-272","10":"pa_sirina-guma-357","11":"pa_tip-gume-zimska-ili-cjelogodisnja-guma","12":"pa_visina-guma-129","13":"sirina_guma-17-65-235","14":"sirina_guma-354","15":"sirina_guma-65-235","16":"brand_year_model-kumho","18":"first","19":"instock","20":"shipping-taxable","21":"product-type-simple"},"yoast_head":"<!-- This site is optimized with the Yoast SEO plugin v21.7 - https:\/\/yoast.com\/wordpress\/plugins\/seo\/ -->\n<title>KUMHO 235\/65 R17 108V XL HA32 All Season SUV - Inch \u0160ibenik<\/title>\n<meta name=\"robots\" content=\"index, follow, max-snippet:-1, max-image-preview:large, max-video-preview:-1\" \/>\n<link rel=\"canonical\" href=\"https:\/\/inch-sibenik.hr\/en\/product\/kumho-235-65-r17-108v-xl-ha32-all-season-suv\/\" \/>\n<meta property=\"og:locale\" content=\"en_GB\" \/>\n<meta property=\"og:type\" content=\"article\" \/>\n<meta property=\"og:title\" content=\"KUMHO 235\/65 R17 108V XL HA32 All Season SUV - Inch \u0160ibenik\" \/>\n<meta property=\"og:url\" content=\"https:\/\/inch-sibenik.hr\/en\/product\/kumho-235-65-r17-108v-xl-ha32-all-season-suv\/\" \/>\n<meta property=\"og:site_name\" content=\"Inch \u0160ibenik\" \/>\n<meta property=\"article:publisher\" content=\"https:\/\/www.facebook.com\/SibenikInch\" \/>\n<meta property=\"article:modified_time\" content=\"2022-10-04T09:00:58+00:00\" \/>\n<meta name=\"twitter:card\" content=\"summary_large_image\" \/>\n<meta name=\"twitter:description\" content=\"[eutl fuel=&quot;B&quot; grip=&quot;B&quot; noise=&quot;B&quot; db=&quot;72&quot; size=&quot;235&quot;]\" \/>\n<script type=\"application\/ld+json\" class=\"yoast-schema-graph\">{\"@context\":\"https:\/\/schema.org\",\"@graph\":[{\"@type\":\"WebPage\",\"@id\":\"https:\/\/inch-sibenik.hr\/proizvod\/kumho-235-65-r17-108v-xl-ha32-all-season-suv\/\",\"url\":\"https:\/\/inch-sibenik.hr\/proizvod\/kumho-235-65-r17-108v-xl-ha32-all-season-suv\/\",\"name\":\"KUMHO 235\/65 R17 108V XL HA32 All Season SUV - Inch \u0160ibenik\",\"isPartOf\":{\"@id\":\"https:\/\/inch-sibenik.hr\/#website\"},\"datePublished\":\"2022-10-04T06:26:42+00:00\",\"dateModified\":\"2022-10-04T09:00:58+00:00\",\"breadcrumb\":{\"@id\":\"https:\/\/inch-sibenik.hr\/proizvod\/kumho-235-65-r17-108v-xl-ha32-all-season-suv\/#breadcrumb\"},\"inLanguage\":\"en-GB\",\"potentialAction\":[{\"@type\":\"ReadAction\",\"target\":[\"https:\/\/inch-sibenik.hr\/proizvod\/kumho-235-65-r17-108v-xl-ha32-all-season-suv\/\"]}]},{\"@type\":\"BreadcrumbList\",\"@id\":\"https:\/\/inch-sibenik.hr\/proizvod\/kumho-235-65-r17-108v-xl-ha32-all-season-suv\/#breadcrumb\",\"itemListElement\":[{\"@type\":\"ListItem\",\"position\":1,\"name\":\"Po\u010detna\",\"item\":\"https:\/\/inch-sibenik.hr\/\"},{\"@type\":\"ListItem\",\"position\":2,\"name\":\"Auto gume\",\"item\":\"https:\/\/inch-sibenik.hr\/?page_id=1705\"},{\"@type\":\"ListItem\",\"position\":3,\"name\":\"KUMHO 235\/65 R17 108V XL HA32 All Season SUV\"}]},{\"@type\":\"WebSite\",\"@id\":\"https:\/\/inch-sibenik.hr\/#website\",\"url\":\"https:\/\/inch-sibenik.hr\/\",\"name\":\"Inch \u0160ibenik\",\"description\":\"Inch \u0160ibenik prodaja i monta\u017ea auto guma\",\"publisher\":{\"@id\":\"https:\/\/inch-sibenik.hr\/#organization\"},\"potentialAction\":[{\"@type\":\"SearchAction\",\"target\":{\"@type\":\"EntryPoint\",\"urlTemplate\":\"https:\/\/inch-sibenik.hr\/?s={search_term_string}\"},\"query-input\":\"required name=search_term_string\"}],\"inLanguage\":\"en-GB\"},{\"@type\":\"Organization\",\"@id\":\"https:\/\/inch-sibenik.hr\/#organization\",\"name\":\"INCH \u0160ibenik d.o.o.\",\"url\":\"https:\/\/inch-sibenik.hr\/\",\"logo\":{\"@type\":\"ImageObject\",\"inLanguage\":\"en-GB\",\"@id\":\"https:\/\/inch-sibenik.hr\/#\/schema\/logo\/image\/\",\"url\":\"https:\/\/inch-sibenik.hr\/wp-content\/uploads\/2021\/06\/logo_inch.png\",\"contentUrl\":\"https:\/\/inch-sibenik.hr\/wp-content\/uploads\/2021\/06\/logo_inch.png\",\"width\":328,\"height\":154,\"caption\":\"INCH \u0160ibenik d.o.o.\"},\"image\":{\"@id\":\"https:\/\/inch-sibenik.hr\/#\/schema\/logo\/image\/\"},\"sameAs\":[\"https:\/\/www.facebook.com\/SibenikInch\"]}]}<\/script>\n<!-- \/ Yoast SEO plugin. -->","yoast_head_json":{"title":"KUMHO 235\/65 R17 108V XL HA32 All Season SUV - Inch \u0160ibenik","robots":{"index":"index","follow":"follow","max-snippet":"max-snippet:-1","max-image-preview":"max-image-preview:large","max-video-preview":"max-video-preview:-1"},"canonical":"https:\/\/inch-sibenik.hr\/en\/product\/kumho-235-65-r17-108v-xl-ha32-all-season-suv\/","og_locale":"en_GB","og_type":"article","og_title":"KUMHO 235\/65 R17 108V XL HA32 All Season SUV - Inch \u0160ibenik","og_url":"https:\/\/inch-sibenik.hr\/en\/product\/kumho-235-65-r17-108v-xl-ha32-all-season-suv\/","og_site_name":"Inch \u0160ibenik","article_publisher":"https:\/\/www.facebook.com\/SibenikInch","article_modified_time":"2022-10-04T09:00:58+00:00","twitter_card":"summary_large_image","twitter_description":"[eutl fuel=\"B\" grip=\"B\" noise=\"B\" db=\"72\" size=\"235\"]","schema":{"@context":"https:\/\/schema.org","@graph":[{"@type":"WebPage","@id":"https:\/\/inch-sibenik.hr\/proizvod\/kumho-235-65-r17-108v-xl-ha32-all-season-suv\/","url":"https:\/\/inch-sibenik.hr\/proizvod\/kumho-235-65-r17-108v-xl-ha32-all-season-suv\/","name":"KUMHO 235\/65 R17 108V XL HA32 All Season SUV - Inch \u0160ibenik","isPartOf":{"@id":"https:\/\/inch-sibenik.hr\/#website"},"datePublished":"2022-10-04T06:26:42+00:00","dateModified":"2022-10-04T09:00:58+00:00","breadcrumb":{"@id":"https:\/\/inch-sibenik.hr\/proizvod\/kumho-235-65-r17-108v-xl-ha32-all-season-suv\/#breadcrumb"},"inLanguage":"en-GB","potentialAction":[{"@type":"ReadAction","target":["https:\/\/inch-sibenik.hr\/proizvod\/kumho-235-65-r17-108v-xl-ha32-all-season-suv\/"]}]},{"@type":"BreadcrumbList","@id":"https:\/\/inch-sibenik.hr\/proizvod\/kumho-235-65-r17-108v-xl-ha32-all-season-suv\/#breadcrumb","itemListElement":[{"@type":"ListItem","position":1,"name":"Po\u010detna","item":"https:\/\/inch-sibenik.hr\/"},{"@type":"ListItem","position":2,"name":"Auto gume","item":"https:\/\/inch-sibenik.hr\/?page_id=1705"},{"@type":"ListItem","position":3,"name":"KUMHO 235\/65 R17 108V XL HA32 All Season SUV"}]},{"@type":"WebSite","@id":"https:\/\/inch-sibenik.hr\/#website","url":"https:\/\/inch-sibenik.hr\/","name":"Inch \u0160ibenik","description":"Inch \u0160ibenik prodaja i monta\u017ea auto guma","publisher":{"@id":"https:\/\/inch-sibenik.hr\/#organization"},"potentialAction":[{"@type":"SearchAction","target":{"@type":"EntryPoint","urlTemplate":"https:\/\/inch-sibenik.hr\/?s={search_term_string}"},"query-input":"required name=search_term_string"}],"inLanguage":"en-GB"},{"@type":"Organization","@id":"https:\/\/inch-sibenik.hr\/#organization","name":"INCH \u0160ibenik d.o.o.","url":"https:\/\/inch-sibenik.hr\/","logo":{"@type":"ImageObject","inLanguage":"en-GB","@id":"https:\/\/inch-sibenik.hr\/#\/schema\/logo\/image\/","url":"https:\/\/inch-sibenik.hr\/wp-content\/uploads\/2021\/06\/logo_inch.png","contentUrl":"https:\/\/inch-sibenik.hr\/wp-content\/uploads\/2021\/06\/logo_inch.png","width":328,"height":154,"caption":"INCH \u0160ibenik d.o.o."},"image":{"@id":"https:\/\/inch-sibenik.hr\/#\/schema\/logo\/image\/"},"sameAs":["https:\/\/www.facebook.com\/SibenikInch"]}]}},"_links":{"self":[{"href":"https:\/\/inch-sibenik.hr\/en\/wp-json\/wp\/v2\/product\/18888","targetHints":{"allow":["GET"]}}],"collection":[{"href":"https:\/\/inch-sibenik.hr\/en\/wp-json\/wp\/v2\/product"}],"about":[{"href":"https:\/\/inch-sibenik.hr\/en\/wp-json\/wp\/v2\/types\/product"}],"replies":[{"embeddable":true,"href":"https:\/\/inch-sibenik.hr\/en\/wp-json\/wp\/v2\/comments?post=18888"}],"wp:attachment":[{"href":"https:\/\/inch-sibenik.hr\/en\/wp-json\/wp\/v2\/media?parent=18888"}],"wp:term":[{"taxonomy":"product_brand","embeddable":true,"href":"https:\/\/inch-sibenik.hr\/en\/wp-json\/wp\/v2\/product_brand?post=18888"},{"taxonomy":"product_cat","embeddable":true,"href":"https:\/\/inch-sibenik.hr\/en\/wp-json\/wp\/v2\/product_cat?post=18888"},{"taxonomy":"product_tag","embeddable":true,"href":"https:\/\/inch-sibenik.hr\/en\/wp-json\/wp\/v2\/product_tag?post=18888"},{"taxonomy":"sirina_guma","embeddable":true,"href":"https:\/\/inch-sibenik.hr\/en\/wp-json\/wp\/v2\/sirina_guma?post=18888"}],"curies":[{"name":"wp","href":"https:\/\/api.w.org\/{rel}","templated":true}]}}